{"id":20,"date":"2022-09-28T15:11:50","date_gmt":"2022-09-28T15:11:50","guid":{"rendered":"https:\/\/yoganidra.aljaberkcoaching.com\/?page_id=20"},"modified":"2022-10-18T10:49:43","modified_gmt":"2022-10-18T10:49:43","slug":"about","status":"publish","type":"page","link":"https:\/\/yoganidra.aljaberkcoaching.com\/sl\/about\/","title":{"rendered":"ABOUT"},"content":{"rendered":"<div data-elementor-type=\"wp-page\" data-elementor-id=\"20\" class=\"elementor elementor-20\">\n\t\t\t\t\t\t\t\t\t<section class=\"elementor-section elementor-top-section elementor-element elementor-element-fae33b8 elementor-section-boxed elementor-section-height-default elementor-section-height-default\" data-id=\"fae33b8\" data-element_type=\"section\">\n\t\t\t\t\t\t<div class=\"elementor-container elementor-column-gap-default\">\n\t\t\t\t\t<div class=\"elementor-column elementor-col-50 elementor-top-column elementor-element elementor-element-cf9df3c\" data-id=\"cf9df3c\" data-element_type=\"column\">\n\t\t\t<div class=\"elementor-widget-wrap elementor-element-populated\">\n\t\t\t\t\t\t\t\t<div class=\"elementor-element elementor-element-8fda4c1 elementor-widget elementor-widget-image\" data-id=\"8fda4c1\" data-element_type=\"widget\" data-widget_type=\"image.default\">\n\t\t\t\t<div class=\"elementor-widget-container\">\n\t\t\t<style>\/*! elementor - v3.10.1 - 17-01-2023 *\/\n.elementor-widget-image{text-align:center}.elementor-widget-image a{display:inline-block}.elementor-widget-image a img[src$=\".svg\"]{width:48px}.elementor-widget-image img{vertical-align:middle;display:inline-block}<\/style>\t\t\t\t\t\t\t\t\t\t\t\t<img decoding=\"async\" width=\"768\" height=\"1024\" src=\"https:\/\/yoganidra.aljaberkcoaching.com\/wp-content\/uploads\/2022\/09\/IMG-2446-768x1024.jpg\" class=\"attachment-large size-large wp-image-36\" alt=\"\" loading=\"lazy\" srcset=\"https:\/\/yoganidra.aljaberkcoaching.com\/wp-content\/uploads\/2022\/09\/IMG-2446-768x1024.jpg 768w, https:\/\/yoganidra.aljaberkcoaching.com\/wp-content\/uploads\/2022\/09\/IMG-2446-225x300.jpg 225w, https:\/\/yoganidra.aljaberkcoaching.com\/wp-content\/uploads\/2022\/09\/IMG-2446-1152x1536.jpg 1152w, https:\/\/yoganidra.aljaberkcoaching.com\/wp-content\/uploads\/2022\/09\/IMG-2446-1536x2048.jpg 1536w, https:\/\/yoganidra.aljaberkcoaching.com\/wp-content\/uploads\/2022\/09\/IMG-2446-scaled.jpg 1920w\" sizes=\"(max-width: 768px) 100vw, 768px\" \/>\t\t\t\t\t\t\t\t\t\t\t\t\t\t\t<\/div>\n\t\t\t\t<\/div>\n\t\t\t\t\t<\/div>\n\t\t<\/div>\n\t\t\t\t<div class=\"elementor-column elementor-col-50 elementor-top-column elementor-element elementor-element-db29c7b\" data-id=\"db29c7b\" data-element_type=\"column\">\n\t\t\t<div class=\"elementor-widget-wrap elementor-element-populated\">\n\t\t\t\t\t\t\t\t<div class=\"elementor-element elementor-element-445f5ae elementor-widget elementor-widget-text-editor\" data-id=\"445f5ae\" data-element_type=\"widget\" data-widget_type=\"text-editor.default\">\n\t\t\t\t<div class=\"elementor-widget-container\">\n\t\t\t<style>\/*! elementor - v3.10.1 - 17-01-2023 *\/\n.elementor-widget-text-editor.elementor-drop-cap-view-stacked .elementor-drop-cap{background-color:#818a91;color:#fff}.elementor-widget-text-editor.elementor-drop-cap-view-framed .elementor-drop-cap{color:#818a91;border:3px solid;background-color:transparent}.elementor-widget-text-editor:not(.elementor-drop-cap-view-default) .elementor-drop-cap{margin-top:8px}.elementor-widget-text-editor:not(.elementor-drop-cap-view-default) .elementor-drop-cap-letter{width:1em;height:1em}.elementor-widget-text-editor .elementor-drop-cap{float:left;text-align:center;line-height:1;font-size:50px}.elementor-widget-text-editor .elementor-drop-cap-letter{display:inline-block}<\/style>\t\t\t\t<p>Zdravo!<\/p><p>Moje ime je Alja Berk in sem certificirana u\u010diteljica joge nidre. Trenutno jo pou\u010dujem na Liscu (med Trebnjim in \u017du\u017eemberkom), pred tem pa sem jo pou\u010devala v Haarlemu, na Nizozemskem.<\/p><p>Prvi\u010d sem se z jogo nidro sre\u010dala na usposabljanju za u\u010ditelje joge nidre v centru <a href=\"https:\/\/kawaipurapura.co.nz\/\">Kawai PuraPura<\/a> na Novi Zelandiji. Tam me je vodila <a href=\"https:\/\/www.pureyoga.nz\/\">Pragyadhara<\/a>, ki se je u\u010dila pri <span style=\"letter-spacing: normal;\">Swamiju Niranjanananda Saraswatiju<\/span>, nasledniku Swamija Satyanande (ustanovitelj sodobne joge nidre). Na tem izobra\u017eevanju sem se podrobno izobrazila o znanosti joge nidre in razvila svojo dnevno prakso. Kasneje sem pridobila \u0161e certifikat joge nidre pri <a href=\"https:\/\/www.arhantayoga.org\/\">Arhanta Yogi<\/a>, na Nizozemskem, da sem raz\u0161irila svoje znanje o razli\u010dnih slogih.<\/p><p>\u010ce bi lahko prihodnjim generacijam prenesla le eno modrost, bi to bila joga nidra. Globoko verjamem, da bi morala biti duhovna praksa vsakodnevna rutina vsakega zahodnjaka. S hitrim razvojem tehnologije je nemogo\u010de ohraniti zdravo ravnovesje, ne da bi vedeli, kako zares sprostiti aktivni um.<\/p><p>Kot u\u010diteljica hitro zaznam stanje u\u010dencev pred seboj, kar mi omogo\u010da, da v trenutku prilagodim svoj na\u010din pou\u010devanja. Zelo sem hvale\u017ena vsakomur, ki mi zaupa, da ga vodim.<\/p><p>\u00a0<\/p>\t\t\t\t\t\t<\/div>\n\t\t\t\t<\/div>\n\t\t\t\t\t<\/div>\n\t\t<\/div>\n\t\t\t\t\t\t\t<\/div>\n\t\t<\/section>\n\t\t\t\t<section class=\"elementor-section elementor-top-section elementor-element elementor-element-f74ae84 elementor-section-boxed elementor-section-height-default elementor-section-height-default\" data-id=\"f74ae84\" data-element_type=\"section\">\n\t\t\t\t\t\t<div class=\"elementor-container elementor-column-gap-default\">\n\t\t\t\t\t<div class=\"elementor-column elementor-col-50 elementor-top-column elementor-element elementor-element-9d18209\" data-id=\"9d18209\" data-element_type=\"column\">\n\t\t\t<div class=\"elementor-widget-wrap elementor-element-populated\">\n\t\t\t\t\t\t\t\t<div class=\"elementor-element elementor-element-4501f46 elementor-widget elementor-widget-image\" data-id=\"4501f46\" data-element_type=\"widget\" data-widget_type=\"image.default\">\n\t\t\t\t<div class=\"elementor-widget-container\">\n\t\t\t\t\t\t\t\t\t\t\t\t\t\t\t<img decoding=\"async\" width=\"800\" height=\"600\" src=\"https:\/\/yoganidra.aljaberkcoaching.com\/wp-content\/uploads\/2022\/10\/74457032_10157531175140429_190845587602538496_o-1024x768.jpg\" class=\"attachment-large size-large wp-image-350\" alt=\"\" loading=\"lazy\" srcset=\"https:\/\/yoganidra.aljaberkcoaching.com\/wp-content\/uploads\/2022\/10\/74457032_10157531175140429_190845587602538496_o-1024x768.jpg 1024w, https:\/\/yoganidra.aljaberkcoaching.com\/wp-content\/uploads\/2022\/10\/74457032_10157531175140429_190845587602538496_o-300x225.jpg 300w, https:\/\/yoganidra.aljaberkcoaching.com\/wp-content\/uploads\/2022\/10\/74457032_10157531175140429_190845587602538496_o-768x576.jpg 768w, https:\/\/yoganidra.aljaberkcoaching.com\/wp-content\/uploads\/2022\/10\/74457032_10157531175140429_190845587602538496_o-1536x1152.jpg 1536w, https:\/\/yoganidra.aljaberkcoaching.com\/wp-content\/uploads\/2022\/10\/74457032_10157531175140429_190845587602538496_o.jpg 2048w\" sizes=\"(max-width: 800px) 100vw, 800px\" \/>\t\t\t\t\t\t\t\t\t\t\t\t\t\t\t<\/div>\n\t\t\t\t<\/div>\n\t\t\t\t<div class=\"elementor-element elementor-element-d0f91e7 elementor-widget elementor-widget-image\" data-id=\"d0f91e7\" data-element_type=\"widget\" data-widget_type=\"image.default\">\n\t\t\t\t<div class=\"elementor-widget-container\">\n\t\t\t\t\t\t\t\t\t\t\t\t\t\t\t<img decoding=\"async\" width=\"800\" height=\"484\" src=\"https:\/\/yoganidra.aljaberkcoaching.com\/wp-content\/uploads\/2022\/10\/72891071_388174675392986_3159790762309189632_n-1024x619.jpg\" class=\"attachment-large size-large wp-image-351\" alt=\"yoganidra_aljaberk\" loading=\"lazy\" srcset=\"https:\/\/yoganidra.aljaberkcoaching.com\/wp-content\/uploads\/2022\/10\/72891071_388174675392986_3159790762309189632_n-1024x619.jpg 1024w, https:\/\/yoganidra.aljaberkcoaching.com\/wp-content\/uploads\/2022\/10\/72891071_388174675392986_3159790762309189632_n-300x181.jpg 300w, https:\/\/yoganidra.aljaberkcoaching.com\/wp-content\/uploads\/2022\/10\/72891071_388174675392986_3159790762309189632_n-768x464.jpg 768w, https:\/\/yoganidra.aljaberkcoaching.com\/wp-content\/uploads\/2022\/10\/72891071_388174675392986_3159790762309189632_n.jpg 1334w\" sizes=\"(max-width: 800px) 100vw, 800px\" \/>\t\t\t\t\t\t\t\t\t\t\t\t\t\t\t<\/div>\n\t\t\t\t<\/div>\n\t\t\t\t\t<\/div>\n\t\t<\/div>\n\t\t\t\t<div class=\"elementor-column elementor-col-50 elementor-top-column elementor-element elementor-element-fa78260\" data-id=\"fa78260\" data-element_type=\"column\">\n\t\t\t<div class=\"elementor-widget-wrap elementor-element-populated\">\n\t\t\t\t\t\t\t\t<div class=\"elementor-element elementor-element-c7af02f elementor-widget elementor-widget-text-editor\" data-id=\"c7af02f\" data-element_type=\"widget\" data-widget_type=\"text-editor.default\">\n\t\t\t\t<div class=\"elementor-widget-container\">\n\t\t\t\t\t\t\t<div>Moje znanje o jogi je veliko \u0161ir\u0161e kot joga nidra. V petih letih svoje jogijske prakse sem se u\u010dila in vadila \u0161ir\u0161o jogijsko filozofijo (ki vklju\u010duje asane, mantre, pranajamo, in ostale elemente ...) ter raziskovala razli\u010dne veje in stile joge. Udele\u017eila sem se tudi razli\u010dnih 'joga in meditacijskih retreatov' ter bivala v a\u0161ramih.<\/div>\n<div>&nbsp;<\/div>\n<div>Poleg pou\u010devanja joge nidre vodim tudi svoje podjetje za <a href=\"https:\/\/www.aljaberkcoaching.com\/\">poslovno, karierno in notranje opolnomo\u010denje<\/a>. Podjetje <a href=\"https:\/\/www.aljaberkcoaching.com\/\">Alja Berk Coaching<\/a> je bilo ustanovljeno z namenom podpreti zavestne posameznike na njihovi poti k samoaktualizaciji. S pomo\u010djo programov, usmerjenih tako v notranjo kot zunanjo rast, posameznikom pomagam graditi bolj smiselno, stabilno in ciljno usmerjeno \u017eivljenje.<\/div>\n<div>&nbsp;<\/div>\n<div>Ve\u010d o mojih coaching programih lahko najdete <a href=\"https:\/\/www.aljaberkcoaching.com\/\">tukaj: <\/a><\/div>\n<div>~ 8-tedenski coaching program 'Notranjega opolnomo\u010denja'<\/div>\n<div>~ 6-tedenski coaching program 'Kariernega opolnomo\u010denja'<\/div>\n<div>~ 8-tedenski te\u010daj 'Poslovnega opolonomo\u010denja'<\/div>\n<div>&nbsp;<\/div>\n<div>\n<p>S podporo posameznikov pri dvigovanju njihove samozavesti in izkori\u0161\u010danju lastnega potenciala upam, da prispevam k gradnji \u2018Nove Zemlje\u2019 \u2013 dru\u017ebe vi\u0161je zavesti, dobrega po\u010dutja <span data-dobid=\"hdw\">, vklju\u010denosti<\/span>, avtenti\u010dnosti in sodelovanja.<\/p>\n<\/div>\t\t\t\t\t\t<\/div>\n\t\t\t\t<\/div>\n\t\t\t\t\t<\/div>\n\t\t<\/div>\n\t\t\t\t\t\t\t<\/div>\n\t\t<\/section>\n\t\t\t\t<section class=\"elementor-section elementor-top-section elementor-element elementor-element-6c00295 elementor-section-boxed elementor-section-height-default elementor-section-height-default\" data-id=\"6c00295\" data-element_type=\"section\">\n\t\t\t\t\t\t<div class=\"elementor-container elementor-column-gap-default\">\n\t\t\t\t\t<div class=\"elementor-column elementor-col-100 elementor-top-column elementor-element elementor-element-bbd0f32\" data-id=\"bbd0f32\" data-element_type=\"column\">\n\t\t\t<div class=\"elementor-widget-wrap elementor-element-populated\">\n\t\t\t\t\t\t\t\t<div class=\"elementor-element elementor-element-4e1d38e elementor-widget elementor-widget-spacer\" data-id=\"4e1d38e\" data-element_type=\"widget\" data-widget_type=\"spacer.default\">\n\t\t\t\t<div class=\"elementor-widget-container\">\n\t\t\t<style>\/*! elementor - v3.10.1 - 17-01-2023 *\/\n.elementor-column .elementor-spacer-inner{height:var(--spacer-size)}.e-con{--container-widget-width:100%}.e-con-inner>.elementor-widget-spacer,.e-con>.elementor-widget-spacer{width:var(--container-widget-width,var(--spacer-size));--align-self:var(--container-widget-align-self,initial);--flex-shrink:0}.e-con-inner>.elementor-widget-spacer>.elementor-widget-container,.e-con-inner>.elementor-widget-spacer>.elementor-widget-container>.elementor-spacer,.e-con>.elementor-widget-spacer>.elementor-widget-container,.e-con>.elementor-widget-spacer>.elementor-widget-container>.elementor-spacer{height:100%}.e-con-inner>.elementor-widget-spacer>.elementor-widget-container>.elementor-spacer>.elementor-spacer-inner,.e-con>.elementor-widget-spacer>.elementor-widget-container>.elementor-spacer>.elementor-spacer-inner{height:var(--container-widget-height,var(--spacer-size))}<\/style>\t\t<div class=\"elementor-spacer\">\n\t\t\t<div class=\"elementor-spacer-inner\"><\/div>\n\t\t<\/div>\n\t\t\t\t<\/div>\n\t\t\t\t<\/div>\n\t\t\t\t\t<\/div>\n\t\t<\/div>\n\t\t\t\t\t\t\t<\/div>\n\t\t<\/section>\n\t\t\t\t<section class=\"elementor-section elementor-top-section elementor-element elementor-element-0816422 elementor-section-boxed elementor-section-height-default elementor-section-height-default\" data-id=\"0816422\" data-element_type=\"section\">\n\t\t\t\t\t\t<div class=\"elementor-container elementor-column-gap-default\">\n\t\t\t\t\t<div class=\"elementor-column elementor-col-25 elementor-top-column elementor-element elementor-element-a6dd16a\" data-id=\"a6dd16a\" data-element_type=\"column\">\n\t\t\t<div class=\"elementor-widget-wrap elementor-element-populated\">\n\t\t\t\t\t\t\t\t<div class=\"elementor-element elementor-element-4d7c265 elementor-widget elementor-widget-image\" data-id=\"4d7c265\" data-element_type=\"widget\" data-widget_type=\"image.default\">\n\t\t\t\t<div class=\"elementor-widget-container\">\n\t\t\t\t\t\t\t\t\t\t\t\t\t\t\t<img decoding=\"async\" width=\"800\" height=\"600\" src=\"https:\/\/yoganidra.aljaberkcoaching.com\/wp-content\/uploads\/2022\/09\/83834563_495532541165696_9056807381140242432_n.jpg\" class=\"attachment-large size-large wp-image-93\" alt=\"\" loading=\"lazy\" srcset=\"https:\/\/yoganidra.aljaberkcoaching.com\/wp-content\/uploads\/2022\/09\/83834563_495532541165696_9056807381140242432_n.jpg 960w, https:\/\/yoganidra.aljaberkcoaching.com\/wp-content\/uploads\/2022\/09\/83834563_495532541165696_9056807381140242432_n-300x225.jpg 300w, https:\/\/yoganidra.aljaberkcoaching.com\/wp-content\/uploads\/2022\/09\/83834563_495532541165696_9056807381140242432_n-768x576.jpg 768w\" sizes=\"(max-width: 800px) 100vw, 800px\" \/>\t\t\t\t\t\t\t\t\t\t\t\t\t\t\t<\/div>\n\t\t\t\t<\/div>\n\t\t\t\t\t<\/div>\n\t\t<\/div>\n\t\t\t\t<div class=\"elementor-column elementor-col-25 elementor-top-column elementor-element elementor-element-4a07386\" data-id=\"4a07386\" data-element_type=\"column\">\n\t\t\t<div class=\"elementor-widget-wrap elementor-element-populated\">\n\t\t\t\t\t\t\t\t<div class=\"elementor-element elementor-element-833f441 elementor-widget elementor-widget-image\" data-id=\"833f441\" data-element_type=\"widget\" data-widget_type=\"image.default\">\n\t\t\t\t<div class=\"elementor-widget-container\">\n\t\t\t\t\t\t\t\t\t\t\t\t\t\t\t<img decoding=\"async\" width=\"800\" height=\"534\" src=\"https:\/\/yoganidra.aljaberkcoaching.com\/wp-content\/uploads\/2022\/09\/69367808_391209404931344_3103349450316185600_n-1024x683.jpg\" class=\"attachment-large size-large wp-image-96\" alt=\"\" loading=\"lazy\" srcset=\"https:\/\/yoganidra.aljaberkcoaching.com\/wp-content\/uploads\/2022\/09\/69367808_391209404931344_3103349450316185600_n-1024x683.jpg 1024w, https:\/\/yoganidra.aljaberkcoaching.com\/wp-content\/uploads\/2022\/09\/69367808_391209404931344_3103349450316185600_n-300x200.jpg 300w, https:\/\/yoganidra.aljaberkcoaching.com\/wp-content\/uploads\/2022\/09\/69367808_391209404931344_3103349450316185600_n-768x512.jpg 768w, https:\/\/yoganidra.aljaberkcoaching.com\/wp-content\/uploads\/2022\/09\/69367808_391209404931344_3103349450316185600_n-1536x1024.jpg 1536w, https:\/\/yoganidra.aljaberkcoaching.com\/wp-content\/uploads\/2022\/09\/69367808_391209404931344_3103349450316185600_n.jpg 2048w\" sizes=\"(max-width: 800px) 100vw, 800px\" \/>\t\t\t\t\t\t\t\t\t\t\t\t\t\t\t<\/div>\n\t\t\t\t<\/div>\n\t\t\t\t\t<\/div>\n\t\t<\/div>\n\t\t\t\t<div class=\"elementor-column elementor-col-25 elementor-top-column elementor-element elementor-element-884a5a0\" data-id=\"884a5a0\" data-element_type=\"column\">\n\t\t\t<div class=\"elementor-widget-wrap elementor-element-populated\">\n\t\t\t\t\t\t\t\t<div class=\"elementor-element elementor-element-56fa4c2 elementor-widget elementor-widget-image\" data-id=\"56fa4c2\" data-element_type=\"widget\" data-widget_type=\"image.default\">\n\t\t\t\t<div class=\"elementor-widget-container\">\n\t\t\t\t\t\t\t\t\t\t\t\t\t\t\t<img decoding=\"async\" width=\"717\" height=\"527\" src=\"https:\/\/yoganidra.aljaberkcoaching.com\/wp-content\/uploads\/2022\/09\/86977200_502960620422888_5659196673264451584_n.jpg\" class=\"attachment-large size-large wp-image-97\" alt=\"\" loading=\"lazy\" srcset=\"https:\/\/yoganidra.aljaberkcoaching.com\/wp-content\/uploads\/2022\/09\/86977200_502960620422888_5659196673264451584_n.jpg 717w, https:\/\/yoganidra.aljaberkcoaching.com\/wp-content\/uploads\/2022\/09\/86977200_502960620422888_5659196673264451584_n-300x221.jpg 300w\" sizes=\"(max-width: 717px) 100vw, 717px\" \/>\t\t\t\t\t\t\t\t\t\t\t\t\t\t\t<\/div>\n\t\t\t\t<\/div>\n\t\t\t\t\t<\/div>\n\t\t<\/div>\n\t\t\t\t<div class=\"elementor-column elementor-col-25 elementor-top-column elementor-element elementor-element-39036e6\" data-id=\"39036e6\" data-element_type=\"column\">\n\t\t\t<div class=\"elementor-widget-wrap elementor-element-populated\">\n\t\t\t\t\t\t\t\t<div class=\"elementor-element elementor-element-460983c elementor-widget elementor-widget-image\" data-id=\"460983c\" data-element_type=\"widget\" data-widget_type=\"image.default\">\n\t\t\t\t<div class=\"elementor-widget-container\">\n\t\t\t\t\t\t\t\t\t\t\t\t\t\t\t<img decoding=\"async\" width=\"800\" height=\"472\" src=\"https:\/\/yoganidra.aljaberkcoaching.com\/wp-content\/uploads\/2022\/09\/IMG-1294-1-scaled-e1664542830394-1024x604.jpg\" class=\"attachment-large size-large wp-image-243\" alt=\"\" loading=\"lazy\" srcset=\"https:\/\/yoganidra.aljaberkcoaching.com\/wp-content\/uploads\/2022\/09\/IMG-1294-1-scaled-e1664542830394-1024x604.jpg 1024w, https:\/\/yoganidra.aljaberkcoaching.com\/wp-content\/uploads\/2022\/09\/IMG-1294-1-scaled-e1664542830394-300x177.jpg 300w, https:\/\/yoganidra.aljaberkcoaching.com\/wp-content\/uploads\/2022\/09\/IMG-1294-1-scaled-e1664542830394-768x453.jpg 768w, https:\/\/yoganidra.aljaberkcoaching.com\/wp-content\/uploads\/2022\/09\/IMG-1294-1-scaled-e1664542830394-1536x906.jpg 1536w, https:\/\/yoganidra.aljaberkcoaching.com\/wp-content\/uploads\/2022\/09\/IMG-1294-1-scaled-e1664542830394-2048x1208.jpg 2048w\" sizes=\"(max-width: 800px) 100vw, 800px\" \/>\t\t\t\t\t\t\t\t\t\t\t\t\t\t\t<\/div>\n\t\t\t\t<\/div>\n\t\t\t\t\t<\/div>\n\t\t<\/div>\n\t\t\t\t\t\t\t<\/div>\n\t\t<\/section>\n\t\t\t\t\t\t\t<\/div>","protected":false},"excerpt":{"rendered":"<p>Hi! My name is Alja Berk, and I am a certified Yoga Nidra teacher, teaching Yoga Nidra in the Haarlem community, and online through private coaching. I was first immersed in a Yoga Nidra Retreat\/Teacher Training, at the Kawai PuraPura Center in New Zealand. This was guided by Pragyadhara, who learned from Swami Niranjanananda Saraswati, [&hellip;]<\/p>","protected":false},"author":1,"featured_media":0,"parent":0,"menu_order":0,"comment_status":"closed","ping_status":"closed","template":"","meta":{"_themeisle_gutenberg_block_has_review":false},"_links":{"self":[{"href":"https:\/\/yoganidra.aljaberkcoaching.com\/sl\/wp-json\/wp\/v2\/pages\/20"}],"collection":[{"href":"https:\/\/yoganidra.aljaberkcoaching.com\/sl\/wp-json\/wp\/v2\/pages"}],"about":[{"href":"https:\/\/yoganidra.aljaberkcoaching.com\/sl\/wp-json\/wp\/v2\/types\/page"}],"author":[{"embeddable":true,"href":"https:\/\/yoganidra.aljaberkcoaching.com\/sl\/wp-json\/wp\/v2\/users\/1"}],"replies":[{"embeddable":true,"href":"https:\/\/yoganidra.aljaberkcoaching.com\/sl\/wp-json\/wp\/v2\/comments?post=20"}],"version-history":[{"count":97,"href":"https:\/\/yoganidra.aljaberkcoaching.com\/sl\/wp-json\/wp\/v2\/pages\/20\/revisions"}],"predecessor-version":[{"id":585,"href":"https:\/\/yoganidra.aljaberkcoaching.com\/sl\/wp-json\/wp\/v2\/pages\/20\/revisions\/585"}],"wp:attachment":[{"href":"https:\/\/yoganidra.aljaberkcoaching.com\/sl\/wp-json\/wp\/v2\/media?parent=20"}],"curies":[{"name":"wp","href":"https:\/\/api.w.org\/{rel}","templated":true}]}}